{"id":32,"date":"2022-01-22T15:52:41","date_gmt":"2022-01-22T14:52:41","guid":{"rendered":"https:\/\/lafleurdesel.fr\/_wp\/?page_id=32"},"modified":"2024-02-04T11:03:06","modified_gmt":"2024-02-04T10:03:06","slug":"tarifs","status":"publish","type":"page","link":"https:\/\/lafleurdesel.fr\/_wp\/index.php\/tarifs\/","title":{"rendered":"Tarifs"},"content":{"rendered":"\n<table class=\"blueTable\">\n<thead>\n<tr>\n<th>&nbsp;<\/th>\n<th>du 01\/01 au 08\/04<\/th>\n<th>du 09\/04 au 30\/06<\/th>\n<th>du 01\/07 au 31\/08<\/th>\n<th>du 01\/09\/ au 13\/10<\/th>\n<th>du 14\/10\/ au 31\/12<\/th>\n<\/tr>\n<\/thead>\n<tbody>\n<tr>\n<th>Basse saison<\/th>\n<td>430<\/td>\n<td>&nbsp;<\/td>\n<td>&nbsp;<\/td>\n<td>&nbsp;<\/td>\n<td>430<\/td>\n<\/tr>\n<tr>\n<th>Inter saison<\/th>\n<td>&nbsp;<\/td>\n<td>470<\/td>\n<td>&nbsp;<\/td>\n<td>470<\/td>\n<td>&nbsp;<\/td>\n<\/tr>\n<tr>\n<th>Haute saison<\/th>\n<td>&nbsp;<\/td>\n<td>&nbsp;<\/td>\n<td>630<\/td>\n<td>&nbsp;<\/td>\n<td>&nbsp;<\/td>\n<\/tr>\n<\/tbody>\n<\/table>\nPrix \u00e0 la semaine en \u20ac<br>\nChauffage en suppl\u00e9ment\n<br>\n<br>\n\n\n\n<p>Options<\/p>\n\n\n\n<ul class=\"wp-block-list\">\n<li>M\u00e9nage fin de s\u00e9jour (\u00e0 payer sur place) 30&nbsp;\u20ac \/s\u00e9jour<\/li>\n\n\n\n<li>Linge de toilette (\u00e0 payer sur place) 8&nbsp;\u20ac \/personne<\/li>\n\n\n\n<li>Draps lit 2 personnes (\u00e0 payer sur place) 12&nbsp;\u20ac \/paire de draps<\/li>\n<\/ul>\n\n\n\n<p><\/p>\n","protected":false},"excerpt":{"rendered":"<p>&nbsp; du 01\/01 au 08\/04 du 09\/04 au 30\/06 du 01\/07 au 31\/08 du 01\/09\/ au 13\/10 du 14\/10\/ au 31\/12 Basse saison 430 &nbsp; &nbsp; &nbsp; 430 Inter saison &nbsp; 470 &nbsp; 470 &nbsp; Haute saison &nbsp; &nbsp; 630 &nbsp; &nbsp; Prix \u00e0 la semaine en \u20ac Chauffage en suppl\u00e9ment Options<\/p>\n","protected":false},"author":1,"featured_media":0,"parent":0,"menu_order":0,"comment_status":"closed","ping_status":"closed","template":"","meta":{"footnotes":""},"class_list":["post-32","page","type-page","status-publish","hentry"],"_links":{"self":[{"href":"https:\/\/lafleurdesel.fr\/_wp\/index.php\/wp-json\/wp\/v2\/pages\/32","targetHints":{"allow":["GET"]}}],"collection":[{"href":"https:\/\/lafleurdesel.fr\/_wp\/index.php\/wp-json\/wp\/v2\/pages"}],"about":[{"href":"https:\/\/lafleurdesel.fr\/_wp\/index.php\/wp-json\/wp\/v2\/types\/page"}],"author":[{"embeddable":true,"href":"https:\/\/lafleurdesel.fr\/_wp\/index.php\/wp-json\/wp\/v2\/users\/1"}],"replies":[{"embeddable":true,"href":"https:\/\/lafleurdesel.fr\/_wp\/index.php\/wp-json\/wp\/v2\/comments?post=32"}],"version-history":[{"count":22,"href":"https:\/\/lafleurdesel.fr\/_wp\/index.php\/wp-json\/wp\/v2\/pages\/32\/revisions"}],"predecessor-version":[{"id":245,"href":"https:\/\/lafleurdesel.fr\/_wp\/index.php\/wp-json\/wp\/v2\/pages\/32\/revisions\/245"}],"wp:attachment":[{"href":"https:\/\/lafleurdesel.fr\/_wp\/index.php\/wp-json\/wp\/v2\/media?parent=32"}],"curies":[{"name":"wp","href":"https:\/\/api.w.org\/{rel}","templated":true}]}}