{"id":8,"date":"2022-01-22T15:39:41","date_gmt":"2022-01-22T14:39:41","guid":{"rendered":"http:\/\/lafleurdesel.fr\/_wp\/?page_id=8"},"modified":"2022-03-01T19:08:09","modified_gmt":"2022-03-01T18:08:09","slug":"accueil","status":"publish","type":"page","link":"https:\/\/lafleurdesel.fr\/_wp\/","title":{"rendered":"Accueil"},"content":{"rendered":"\n<p>Bienvenue au g\u00eete La fleur de sel.<\/p>\n\n\n\n<p>Id\u00e9alement situ\u00e9 dans un environnement calme \u00e0 proximit\u00e9 des plus beaux sites touristiques de Charente-Maritime, La rochelle, Ile de r\u00e9, Ile d&#8217;Ol\u00e9ron, Rochefort.<\/p>\n\n\n\n<p>La fleur de sel vous offrira toutes les commodit\u00e9s et le confort requis pour vous permettre de passer un s\u00e9jour reposant et inoubliable.<\/p>\n","protected":false},"excerpt":{"rendered":"<p>Bienvenue au g\u00eete La fleur de sel. Id\u00e9alement situ\u00e9 dans un environnement calme \u00e0 proximit\u00e9 des plus beaux sites touristiques de Charente-Maritime, La rochelle, Ile de r\u00e9, Ile d&#8217;Ol\u00e9ron, Rochefort. La fleur de sel vous offrira toutes les commodit\u00e9s et le confort requis pour vous permettre de passer un s\u00e9jour reposant et inoubliable.<\/p>\n","protected":false},"author":1,"featured_media":0,"parent":0,"menu_order":0,"comment_status":"closed","ping_status":"closed","template":"","meta":{"footnotes":""},"class_list":["post-8","page","type-page","status-publish","hentry"],"_links":{"self":[{"href":"https:\/\/lafleurdesel.fr\/_wp\/index.php\/wp-json\/wp\/v2\/pages\/8","targetHints":{"allow":["GET"]}}],"collection":[{"href":"https:\/\/lafleurdesel.fr\/_wp\/index.php\/wp-json\/wp\/v2\/pages"}],"about":[{"href":"https:\/\/lafleurdesel.fr\/_wp\/index.php\/wp-json\/wp\/v2\/types\/page"}],"author":[{"embeddable":true,"href":"https:\/\/lafleurdesel.fr\/_wp\/index.php\/wp-json\/wp\/v2\/users\/1"}],"replies":[{"embeddable":true,"href":"https:\/\/lafleurdesel.fr\/_wp\/index.php\/wp-json\/wp\/v2\/comments?post=8"}],"version-history":[{"count":2,"href":"https:\/\/lafleurdesel.fr\/_wp\/index.php\/wp-json\/wp\/v2\/pages\/8\/revisions"}],"predecessor-version":[{"id":227,"href":"https:\/\/lafleurdesel.fr\/_wp\/index.php\/wp-json\/wp\/v2\/pages\/8\/revisions\/227"}],"wp:attachment":[{"href":"https:\/\/lafleurdesel.fr\/_wp\/index.php\/wp-json\/wp\/v2\/media?parent=8"}],"curies":[{"name":"wp","href":"https:\/\/api.w.org\/{rel}","templated":true}]}}