{"id":9,"date":"2022-01-22T15:39:41","date_gmt":"2022-01-22T14:39:41","guid":{"rendered":"http:\/\/lafleurdesel.fr\/_wp\/?page_id=9"},"modified":"2022-02-27T16:10:08","modified_gmt":"2022-02-27T15:10:08","slug":"a-propos-de","status":"publish","type":"page","link":"https:\/\/lafleurdesel.fr\/_wp\/index.php\/a-propos-de\/","title":{"rendered":"\u00c0 propos de La fleur de sel"},"content":{"rendered":"\n<p><\/p>\n\n\n\n<p>Id\u00e9alement situ\u00e9 dans un environnement calme \u00e0 proximit\u00e9 des plus beaux sites touristiques de Charente-Maritime, La rochelle, Ile de r\u00e9, Ile d\u2019Ol\u00e9ron, Rochefort.<\/p>\n\n\n\n<p>La fleur de sel vous offrira toutes les commodit\u00e9s et le confort requis pour vous permettre de passer un s\u00e9jour reposant et inoubliable.<\/p>\n","protected":false},"excerpt":{"rendered":"<p>Id\u00e9alement situ\u00e9 dans un environnement calme \u00e0 proximit\u00e9 des plus beaux sites touristiques de Charente-Maritime, La rochelle, Ile de r\u00e9, Ile d\u2019Ol\u00e9ron, Rochefort. La fleur de sel vous offrira toutes les commodit\u00e9s et le confort requis pour vous permettre de passer un s\u00e9jour reposant et inoubliable.<\/p>\n","protected":false},"author":1,"featured_media":47,"parent":0,"menu_order":0,"comment_status":"closed","ping_status":"closed","template":"","meta":{"footnotes":""},"class_list":["post-9","page","type-page","status-publish","has-post-thumbnail","hentry"],"_links":{"self":[{"href":"https:\/\/lafleurdesel.fr\/_wp\/index.php\/wp-json\/wp\/v2\/pages\/9","targetHints":{"allow":["GET"]}}],"collection":[{"href":"https:\/\/lafleurdesel.fr\/_wp\/index.php\/wp-json\/wp\/v2\/pages"}],"about":[{"href":"https:\/\/lafleurdesel.fr\/_wp\/index.php\/wp-json\/wp\/v2\/types\/page"}],"author":[{"embeddable":true,"href":"https:\/\/lafleurdesel.fr\/_wp\/index.php\/wp-json\/wp\/v2\/users\/1"}],"replies":[{"embeddable":true,"href":"https:\/\/lafleurdesel.fr\/_wp\/index.php\/wp-json\/wp\/v2\/comments?post=9"}],"version-history":[{"count":2,"href":"https:\/\/lafleurdesel.fr\/_wp\/index.php\/wp-json\/wp\/v2\/pages\/9\/revisions"}],"predecessor-version":[{"id":216,"href":"https:\/\/lafleurdesel.fr\/_wp\/index.php\/wp-json\/wp\/v2\/pages\/9\/revisions\/216"}],"wp:featuredmedia":[{"embeddable":true,"href":"https:\/\/lafleurdesel.fr\/_wp\/index.php\/wp-json\/wp\/v2\/media\/47"}],"wp:attachment":[{"href":"https:\/\/lafleurdesel.fr\/_wp\/index.php\/wp-json\/wp\/v2\/media?parent=9"}],"curies":[{"name":"wp","href":"https:\/\/api.w.org\/{rel}","templated":true}]}}